{"id":59,"date":"2025-01-22T17:22:29","date_gmt":"2025-01-22T16:22:29","guid":{"rendered":"https:\/\/gwendalbar.fr\/?page_id=59"},"modified":"2025-01-29T13:13:11","modified_gmt":"2025-01-29T12:13:11","slug":"realisation-audiovisuelle","status":"publish","type":"page","link":"https:\/\/gwendalbar.fr\/index.php\/realisation-audiovisuelle\/","title":{"rendered":"R\u00e9alisations Vid\u00e9os"},"content":{"rendered":"\n<div class=\"wp-block-group alignfull has-global-padding is-layout-constrained wp-block-group-is-layout-constrained\">\n<div class=\"wp-block-cover alignfull\" style=\"margin-top:0;min-height:836px;aspect-ratio:unset;\"><span aria-hidden=\"true\" class=\"wp-block-cover__background has-black-background-color has-background-dim-0 has-background-dim\"><\/span><img loading=\"lazy\" decoding=\"async\" width=\"2560\" height=\"1437\" class=\"wp-block-cover__image-background wp-image-214\" alt=\"\" src=\"https:\/\/gwendalbar.fr\/wp-content\/uploads\/2025\/01\/IMG_7025-scaled.webp\" data-object-fit=\"cover\" srcset=\"https:\/\/gwendalbar.fr\/wp-content\/uploads\/2025\/01\/IMG_7025-scaled.webp 2560w, https:\/\/gwendalbar.fr\/wp-content\/uploads\/2025\/01\/IMG_7025-300x168.webp 300w, https:\/\/gwendalbar.fr\/wp-content\/uploads\/2025\/01\/IMG_7025-1024x575.webp 1024w, https:\/\/gwendalbar.fr\/wp-content\/uploads\/2025\/01\/IMG_7025-768x431.webp 768w, https:\/\/gwendalbar.fr\/wp-content\/uploads\/2025\/01\/IMG_7025-1536x862.webp 1536w, https:\/\/gwendalbar.fr\/wp-content\/uploads\/2025\/01\/IMG_7025-2048x1150.webp 2048w\" sizes=\"auto, (max-width: 2560px) 100vw, 2560px\" \/><div class=\"wp-block-cover__inner-container is-layout-flow wp-block-cover-is-layout-flow\">\n<div style=\"height:50px\" aria-hidden=\"true\" class=\"wp-block-spacer\"><\/div>\n<\/div><\/div>\n<\/div>\n\n\n\n<div class=\"wp-block-group has-global-padding is-layout-constrained wp-container-core-group-is-layout-650790e1 wp-block-group-is-layout-constrained\">\n<h1 class=\"wp-block-heading has-text-align-center has-x-large-font-size\">David Pistol<\/h1>\n<\/div>\n\n\n\n<p>Que vous soyez familier avec son univers ou non une fois sur sc\u00e8ne il vous met d&#8217;accord.<\/p>\n\n\n\n<p>Plus qu&#8217;un artiste musical les visuels sont tr\u00e8s importants pour lui, c&#8217;est dans cette optique que la r\u00e9alisation de clips fut in\u00e9vitable.<\/p>\n\n\n\n<p>Grace \u00e0 lui j&#8217;ai pu produire mes premiers clips et visuels. Cadrage, lumi\u00e8res, r\u00e9alisation ou encore montage, \u00eatre en \u00e9quipe r\u00e9duite oblige la polyvalence.<\/p>\n\n\n\n<ul class=\"wp-block-list is-style-checkmark-list\">\n<li>R\u00e9alisations<\/li>\n<\/ul>\n\n\n\n<figure class=\"wp-block-embed is-type-video is-provider-youtube wp-block-embed-youtube wp-embed-aspect-4-3 wp-has-aspect-ratio\"><div class=\"wp-block-embed__wrapper\">\n<iframe loading=\"lazy\" title=\"David Pistol - MCEN (Clip officiel)\" width=\"500\" height=\"375\" src=\"https:\/\/www.youtube.com\/embed\/1lvDppG6zOM?feature=oembed\" frameborder=\"0\" allow=\"accelerometer; autoplay; clipboard-write; encrypted-media; gyroscope; picture-in-picture; web-share\" referrerpolicy=\"strict-origin-when-cross-origin\" allowfullscreen><\/iframe>\n<\/div><\/figure>\n\n\n\n<figure class=\"wp-block-embed is-type-video is-provider-youtube wp-block-embed-youtube wp-embed-aspect-16-9 wp-has-aspect-ratio\" style=\"margin-top:0;margin-right:0;margin-bottom:0;margin-left:0\"><div class=\"wp-block-embed__wrapper\">\n<iframe loading=\"lazy\" title=\"David Pistol - \u00c0 l&#039;aube (Clip Officiel)\" width=\"500\" height=\"281\" src=\"https:\/\/www.youtube.com\/embed\/92qhyyxwtyE?feature=oembed\" frameborder=\"0\" allow=\"accelerometer; autoplay; clipboard-write; encrypted-media; gyroscope; picture-in-picture; web-share\" referrerpolicy=\"strict-origin-when-cross-origin\" allowfullscreen><\/iframe>\n<\/div><\/figure>\n\n\n\n<figure class=\"wp-block-embed is-type-video is-provider-youtube wp-block-embed-youtube wp-embed-aspect-16-9 wp-has-aspect-ratio\"><div class=\"wp-block-embed__wrapper\">\n<iframe loading=\"lazy\" title=\"David Pistol - Bart Simpson (Clip officiel)\" width=\"500\" height=\"281\" src=\"https:\/\/www.youtube.com\/embed\/U9i5gOirzwU?feature=oembed\" frameborder=\"0\" allow=\"accelerometer; autoplay; clipboard-write; encrypted-media; gyroscope; picture-in-picture; web-share\" referrerpolicy=\"strict-origin-when-cross-origin\" allowfullscreen><\/iframe>\n<\/div><\/figure>\n\n\n\n<div class=\"wp-block-group alignfull has-global-padding is-layout-constrained wp-container-core-group-is-layout-b25ccd55 wp-block-group-is-layout-constrained\" style=\"margin-top:0;margin-bottom:0;padding-top:var(--wp--preset--spacing--50);padding-right:var(--wp--preset--spacing--50);padding-bottom:var(--wp--preset--spacing--50);padding-left:var(--wp--preset--spacing--50)\">\n<h2 class=\"wp-block-heading\">Autres R\u00e9alisations<\/h2>\n\n\n\n<figure class=\"wp-block-embed is-type-video is-provider-youtube wp-block-embed-youtube wp-embed-aspect-16-9 wp-has-aspect-ratio\"><div class=\"wp-block-embed__wrapper\">\n<iframe loading=\"lazy\" title=\"KWASAR - EXTINCTION (prod. @ctjrsix )\" width=\"500\" height=\"281\" src=\"https:\/\/www.youtube.com\/embed\/xxECqnE-L8s?feature=oembed\" frameborder=\"0\" allow=\"accelerometer; autoplay; clipboard-write; encrypted-media; gyroscope; picture-in-picture; web-share\" referrerpolicy=\"strict-origin-when-cross-origin\" allowfullscreen><\/iframe>\n<\/div><\/figure>\n\n\n\n<figure class=\"wp-block-embed is-type-video is-provider-youtube wp-block-embed-youtube wp-embed-aspect-16-9 wp-has-aspect-ratio\"><div class=\"wp-block-embed__wrapper\">\n<iframe loading=\"lazy\" title=\"JCUBE - Dans ma t\u00eate (Clip officiel)\" width=\"500\" height=\"281\" src=\"https:\/\/www.youtube.com\/embed\/NjsutIv7pTQ?feature=oembed\" frameborder=\"0\" allow=\"accelerometer; autoplay; clipboard-write; encrypted-media; gyroscope; picture-in-picture; web-share\" referrerpolicy=\"strict-origin-when-cross-origin\" allowfullscreen><\/iframe>\n<\/div><\/figure>\n\n\n\n<figure class=\"wp-block-embed is-type-video is-provider-youtube wp-block-embed-youtube wp-embed-aspect-16-9 wp-has-aspect-ratio\"><div class=\"wp-block-embed__wrapper\">\n<iframe loading=\"lazy\" title=\"Goals Feat. Slayme (Clip Officiel)\" width=\"500\" height=\"281\" src=\"https:\/\/www.youtube.com\/embed\/XEyxjsAR2fU?feature=oembed\" frameborder=\"0\" allow=\"accelerometer; autoplay; clipboard-write; encrypted-media; gyroscope; picture-in-picture; web-share\" referrerpolicy=\"strict-origin-when-cross-origin\" allowfullscreen><\/iframe>\n<\/div><\/figure>\n\n\n\n<figure class=\"wp-block-embed is-type-video is-provider-youtube wp-block-embed-youtube wp-embed-aspect-16-9 wp-has-aspect-ratio\"><div class=\"wp-block-embed__wrapper\">\n<iframe loading=\"lazy\" title=\"Vlog concert :  \u00ab\u00a0Brest M\u00eame\u00a0\u00bb \u00e0 la Car\u00e8ne ! (Ft : David Pistol, Jcube, Mademoiselle Lou, Eline, \u2026)\" width=\"500\" height=\"281\" src=\"https:\/\/www.youtube.com\/embed\/oIDpTCWs6CA?feature=oembed\" frameborder=\"0\" allow=\"accelerometer; autoplay; clipboard-write; encrypted-media; gyroscope; picture-in-picture; web-share\" referrerpolicy=\"strict-origin-when-cross-origin\" allowfullscreen><\/iframe>\n<\/div><\/figure>\n<\/div>\n\n\n\n<div class=\"wp-block-group alignfull has-global-padding is-layout-constrained wp-container-core-group-is-layout-d89aad35 wp-block-group-is-layout-constrained\" style=\"margin-top:0;margin-bottom:0;padding-top:var(--wp--preset--spacing--50);padding-right:var(--wp--preset--spacing--50);padding-bottom:var(--wp--preset--spacing--50);padding-left:var(--wp--preset--spacing--50)\">\n<div class=\"wp-block-group alignwide has-base-2-background-color has-background has-global-padding is-layout-constrained wp-container-core-group-is-layout-39412042 wp-block-group-is-layout-constrained\" style=\"border-radius:16px;padding-top:var(--wp--preset--spacing--40);padding-right:var(--wp--preset--spacing--50);padding-bottom:var(--wp--preset--spacing--40);padding-left:var(--wp--preset--spacing--50)\">\n<div style=\"height:var(--wp--preset--spacing--10)\" aria-hidden=\"true\" class=\"wp-block-spacer\"><\/div>\n\n\n\n<h2 class=\"wp-block-heading has-text-align-center has-x-large-font-size\">En voir plus sur mes r\u00e9seaux<\/h2>\n\n\n\n<div class=\"wp-block-buttons is-content-justification-center is-layout-flex wp-container-core-buttons-is-layout-a89b3969 wp-block-buttons-is-layout-flex\">\n<div class=\"wp-block-button\"><a class=\"wp-block-button__link wp-element-button\" href=\"https:\/\/linktr.ee\/bar.gwendal\">me suivre<\/a><\/div>\n<\/div>\n\n\n\n<div style=\"height:var(--wp--preset--spacing--10)\" aria-hidden=\"true\" class=\"wp-block-spacer\"><\/div>\n<\/div>\n<\/div>\n\n\n\n<div class=\"wp-block-group is-vertical is-content-justification-center is-layout-flex wp-container-core-group-is-layout-838cd1cc wp-block-group-is-layout-flex\" style=\"padding-top:var(--wp--preset--spacing--40);padding-bottom:var(--wp--preset--spacing--50)\"><div class=\"is-default-size wp-block-site-logo\"><a href=\"https:\/\/gwendalbar.fr\/\" class=\"custom-logo-link\" rel=\"home\"><img loading=\"lazy\" decoding=\"async\" width=\"432\" height=\"318\" src=\"https:\/\/gwendalbar.fr\/wp-content\/uploads\/2025\/01\/logo-1.png\" class=\"custom-logo\" alt=\"Gwendal Bar\" srcset=\"https:\/\/gwendalbar.fr\/wp-content\/uploads\/2025\/01\/logo-1.png 432w, https:\/\/gwendalbar.fr\/wp-content\/uploads\/2025\/01\/logo-1-300x221.png 300w\" sizes=\"auto, (max-width: 432px) 100vw, 432px\" \/><\/a><\/div>\n\n<nav class=\"has-small-font-size items-justified-center wp-block-navigation is-content-justification-center is-layout-flex wp-container-core-navigation-is-layout-a89b3969 wp-block-navigation-is-layout-flex\" aria-label=\"Navigation\"><ul class=\"wp-block-navigation__container has-small-font-size items-justified-center wp-block-navigation has-small-font-size\"><li class=\"has-small-font-size wp-block-navigation-item wp-block-navigation-link\"><a class=\"wp-block-navigation-item__content\"  href=\"https:\/\/gwendalbar.fr\/index.php\/realisation-audiovisuelle\/\"><span class=\"wp-block-navigation-item__label\">R\u00e9alisations vid\u00e9os<\/span><\/a><\/li><li class=\"has-small-font-size wp-block-navigation-item wp-block-navigation-link\"><a class=\"wp-block-navigation-item__content\"  href=\"https:\/\/gwendalbar.fr\/index.php\/concerts\/\"><span class=\"wp-block-navigation-item__label\">Concerts<\/span><\/a><\/li><li class=\"has-small-font-size wp-block-navigation-item wp-block-navigation-link\"><a class=\"wp-block-navigation-item__content\"  href=\"https:\/\/gwendalbar.fr\/index.php\/photo-automobile\/\"><span class=\"wp-block-navigation-item__label\">Automobile<\/span><\/a><\/li><li class=\"has-small-font-size wp-block-navigation-item wp-block-navigation-link\"><a class=\"wp-block-navigation-item__content\"  href=\"https:\/\/gwendalbar.fr\/index.php\/page-d-exemple\/\"><span class=\"wp-block-navigation-item__label\">Contact<\/span><\/a><\/li><\/ul><\/nav>\n\n\n<p class=\"has-text-align-center has-secondary-color has-text-color has-link-color has-small-font-size wp-elements-5e93a27869169876357e4e0804cced4b\">\n\tCon\u00e7u avec <a href=\"https:\/\/fr.wordpress.org\" rel=\"nofollow\">WordPress<\/a>\t<\/p>\n<\/div>\n","protected":false},"excerpt":{"rendered":"<p>David Pistol Que vous soyez familier avec son univers ou non une fois sur sc\u00e8ne il vous met d&#8217;accord. Plus qu&#8217;un artiste musical les visuels sont tr\u00e8s importants pour lui, c&#8217;est dans cette optique que la r\u00e9alisation de clips fut in\u00e9vitable. Grace \u00e0 lui j&#8217;ai pu produire mes premiers clips et visuels. Cadrage, lumi\u00e8res, r\u00e9alisation [&hellip;]<\/p>\n","protected":false},"author":1,"featured_media":0,"parent":0,"menu_order":0,"comment_status":"closed","ping_status":"closed","template":"","meta":{"footnotes":""},"class_list":["post-59","page","type-page","status-publish","hentry"],"_links":{"self":[{"href":"https:\/\/gwendalbar.fr\/index.php\/wp-json\/wp\/v2\/pages\/59","targetHints":{"allow":["GET"]}}],"collection":[{"href":"https:\/\/gwendalbar.fr\/index.php\/wp-json\/wp\/v2\/pages"}],"about":[{"href":"https:\/\/gwendalbar.fr\/index.php\/wp-json\/wp\/v2\/types\/page"}],"author":[{"embeddable":true,"href":"https:\/\/gwendalbar.fr\/index.php\/wp-json\/wp\/v2\/users\/1"}],"replies":[{"embeddable":true,"href":"https:\/\/gwendalbar.fr\/index.php\/wp-json\/wp\/v2\/comments?post=59"}],"version-history":[{"count":23,"href":"https:\/\/gwendalbar.fr\/index.php\/wp-json\/wp\/v2\/pages\/59\/revisions"}],"predecessor-version":[{"id":295,"href":"https:\/\/gwendalbar.fr\/index.php\/wp-json\/wp\/v2\/pages\/59\/revisions\/295"}],"wp:attachment":[{"href":"https:\/\/gwendalbar.fr\/index.php\/wp-json\/wp\/v2\/media?parent=59"}],"curies":[{"name":"wp","href":"https:\/\/api.w.org\/{rel}","templated":true}]}}