{"id":2,"date":"2025-01-20T21:35:41","date_gmt":"2025-01-20T20:35:41","guid":{"rendered":"http:\/\/gwendalbar.fr\/?page_id=2"},"modified":"2025-01-29T01:53:32","modified_gmt":"2025-01-29T00:53:32","slug":"page-d-exemple","status":"publish","type":"page","link":"https:\/\/gwendalbar.fr\/index.php\/page-d-exemple\/","title":{"rendered":"Contact"},"content":{"rendered":"\n<div class=\"wp-block-group alignfull has-accent-5-background-color has-background has-global-padding is-layout-constrained wp-container-core-group-is-layout-d89aad35 wp-block-group-is-layout-constrained\" style=\"margin-top:0;margin-bottom:0;padding-top:var(--wp--preset--spacing--50);padding-right:var(--wp--preset--spacing--50);padding-bottom:var(--wp--preset--spacing--50);padding-left:var(--wp--preset--spacing--50)\">\n<div class=\"wp-block-columns alignwide is-layout-flex wp-container-core-columns-is-layout-1da03c2a wp-block-columns-is-layout-flex\">\n<div class=\"wp-block-column is-vertically-aligned-center is-layout-flow wp-block-column-is-layout-flow\" style=\"flex-basis:60%\">\n<figure class=\"wp-block-image size-large is-style-default\"><img loading=\"lazy\" decoding=\"async\" width=\"1024\" height=\"586\" src=\"https:\/\/gwendalbar.fr\/wp-content\/uploads\/2025\/01\/IMG_4355-1024x586.jpg\" alt=\"\" class=\"wp-image-261\" srcset=\"https:\/\/gwendalbar.fr\/wp-content\/uploads\/2025\/01\/IMG_4355-1024x586.jpg 1024w, https:\/\/gwendalbar.fr\/wp-content\/uploads\/2025\/01\/IMG_4355-300x172.jpg 300w, https:\/\/gwendalbar.fr\/wp-content\/uploads\/2025\/01\/IMG_4355-768x440.jpg 768w\" sizes=\"auto, (max-width: 1024px) 100vw, 1024px\" \/><\/figure>\n<\/div>\n\n\n\n<div class=\"wp-block-column is-layout-flow wp-block-column-is-layout-flow\" style=\"flex-basis:40%\">\n<h2 class=\"wp-block-heading\">N&#8217;h\u00e9sitez pas \u00e0 me contacter<\/h2>\n\n\n\n<p>Vous avez un projet ou une id\u00e9e en t\u00eate ? Vous souhaitez un shooting automobile, de concert ou simplement discuter d\u2019une collaboration ?<\/p>\n\n\n\n<p>N\u2019h\u00e9sitez pas \u00e0 me contacter. Je suis toujours ouvert \u00e0 de nouvelles rencontres et \u00e0 relever de nouveaux d\u00e9fis.<\/p>\n\n\n\n<ul class=\"wp-block-list\">\n<li><a href=\"mailto:bar.gwendal@gmail.com\">bar.gwendal@gmail.com<\/a><\/li>\n\n\n\n<li><a href=\"https:\/\/www.instagram.com\/gwendbary\/?hl=fr\">Instragram<\/a><\/li>\n<\/ul>\n<\/div>\n<\/div>\n<\/div>\n\n\n\n<div class=\"wp-block-group is-vertical is-content-justification-center is-layout-flex wp-container-core-group-is-layout-838cd1cc wp-block-group-is-layout-flex\" style=\"padding-top:var(--wp--preset--spacing--40);padding-bottom:var(--wp--preset--spacing--50)\"><div class=\"is-default-size wp-block-site-logo\"><a href=\"https:\/\/gwendalbar.fr\/\" class=\"custom-logo-link\" rel=\"home\"><img loading=\"lazy\" decoding=\"async\" width=\"432\" height=\"318\" src=\"https:\/\/gwendalbar.fr\/wp-content\/uploads\/2025\/01\/logo-1.png\" class=\"custom-logo\" alt=\"Gwendal Bar\" srcset=\"https:\/\/gwendalbar.fr\/wp-content\/uploads\/2025\/01\/logo-1.png 432w, https:\/\/gwendalbar.fr\/wp-content\/uploads\/2025\/01\/logo-1-300x221.png 300w\" sizes=\"auto, (max-width: 432px) 100vw, 432px\" \/><\/a><\/div>\n\n<nav class=\"has-small-font-size items-justified-center wp-block-navigation is-content-justification-center is-layout-flex wp-container-core-navigation-is-layout-a89b3969 wp-block-navigation-is-layout-flex\" aria-label=\"Navigation\"><ul class=\"wp-block-navigation__container has-small-font-size items-justified-center wp-block-navigation has-small-font-size\"><li class=\"has-small-font-size wp-block-navigation-item wp-block-navigation-link\"><a class=\"wp-block-navigation-item__content\"  href=\"https:\/\/gwendalbar.fr\/index.php\/realisation-audiovisuelle\/\"><span class=\"wp-block-navigation-item__label\">R\u00e9alisations vid\u00e9os<\/span><\/a><\/li><li class=\"has-small-font-size wp-block-navigation-item wp-block-navigation-link\"><a class=\"wp-block-navigation-item__content\"  href=\"https:\/\/gwendalbar.fr\/index.php\/concerts\/\"><span class=\"wp-block-navigation-item__label\">Concerts<\/span><\/a><\/li><li class=\"has-small-font-size wp-block-navigation-item wp-block-navigation-link\"><a class=\"wp-block-navigation-item__content\"  href=\"https:\/\/gwendalbar.fr\/index.php\/photo-automobile\/\"><span class=\"wp-block-navigation-item__label\">Automobile<\/span><\/a><\/li><li class=\"has-small-font-size wp-block-navigation-item wp-block-navigation-link\"><a class=\"wp-block-navigation-item__content\"  href=\"https:\/\/gwendalbar.fr\/index.php\/page-d-exemple\/\"><span class=\"wp-block-navigation-item__label\">Contact<\/span><\/a><\/li><\/ul><\/nav>\n\n\n<p class=\"has-text-align-center has-secondary-color has-text-color has-link-color has-small-font-size wp-elements-5e93a27869169876357e4e0804cced4b\">\n\tCon\u00e7u avec <a href=\"https:\/\/fr.wordpress.org\" rel=\"nofollow\">WordPress<\/a>\t<\/p>\n<\/div>\n\n\n\n<p><\/p>\n","protected":false},"excerpt":{"rendered":"<p>N&#8217;h\u00e9sitez pas \u00e0 me contacter Vous avez un projet ou une id\u00e9e en t\u00eate ? Vous souhaitez un shooting automobile, de concert ou simplement discuter d\u2019une collaboration ? N\u2019h\u00e9sitez pas \u00e0 me contacter. Je suis toujours ouvert \u00e0 de nouvelles rencontres et \u00e0 relever de nouveaux d\u00e9fis. Con\u00e7u avec WordPress<\/p>\n","protected":false},"author":1,"featured_media":0,"parent":0,"menu_order":0,"comment_status":"closed","ping_status":"open","template":"","meta":{"footnotes":""},"class_list":["post-2","page","type-page","status-publish","hentry"],"_links":{"self":[{"href":"https:\/\/gwendalbar.fr\/index.php\/wp-json\/wp\/v2\/pages\/2","targetHints":{"allow":["GET"]}}],"collection":[{"href":"https:\/\/gwendalbar.fr\/index.php\/wp-json\/wp\/v2\/pages"}],"about":[{"href":"https:\/\/gwendalbar.fr\/index.php\/wp-json\/wp\/v2\/types\/page"}],"author":[{"embeddable":true,"href":"https:\/\/gwendalbar.fr\/index.php\/wp-json\/wp\/v2\/users\/1"}],"replies":[{"embeddable":true,"href":"https:\/\/gwendalbar.fr\/index.php\/wp-json\/wp\/v2\/comments?post=2"}],"version-history":[{"count":7,"href":"https:\/\/gwendalbar.fr\/index.php\/wp-json\/wp\/v2\/pages\/2\/revisions"}],"predecessor-version":[{"id":267,"href":"https:\/\/gwendalbar.fr\/index.php\/wp-json\/wp\/v2\/pages\/2\/revisions\/267"}],"wp:attachment":[{"href":"https:\/\/gwendalbar.fr\/index.php\/wp-json\/wp\/v2\/media?parent=2"}],"curies":[{"name":"wp","href":"https:\/\/api.w.org\/{rel}","templated":true}]}}