{"id":142,"date":"2025-01-23T21:35:53","date_gmt":"2025-01-23T20:35:53","guid":{"rendered":"https:\/\/gwendalbar.fr\/?page_id=142"},"modified":"2025-01-29T13:13:09","modified_gmt":"2025-01-29T12:13:09","slug":"concerts","status":"publish","type":"page","link":"https:\/\/gwendalbar.fr\/index.php\/concerts\/","title":{"rendered":"Concerts"},"content":{"rendered":"\n<hr class=\"wp-block-separator has-alpha-channel-opacity\"\/>\n\n\n\n<div class=\"wp-block-columns alignwide is-layout-flex wp-container-core-columns-is-layout-28f84493 wp-block-columns-is-layout-flex\">\n<div class=\"wp-block-column is-layout-flow wp-block-column-is-layout-flow\">\n<figure class=\"wp-block-image size-large has-custom-border\" style=\"margin-top:0;margin-right:0;margin-bottom:0;margin-left:0\"><img loading=\"lazy\" decoding=\"async\" width=\"1024\" height=\"683\" src=\"https:\/\/gwendalbar.fr\/wp-content\/uploads\/2025\/01\/IMG_5152-1024x683.webp\" alt=\"\" class=\"wp-image-216\" style=\"border-style:none;border-width:0px;border-radius:0px\" srcset=\"https:\/\/gwendalbar.fr\/wp-content\/uploads\/2025\/01\/IMG_5152-1024x683.webp 1024w, https:\/\/gwendalbar.fr\/wp-content\/uploads\/2025\/01\/IMG_5152-300x200.webp 300w, https:\/\/gwendalbar.fr\/wp-content\/uploads\/2025\/01\/IMG_5152-768x512.webp 768w, https:\/\/gwendalbar.fr\/wp-content\/uploads\/2025\/01\/IMG_5152-1536x1024.webp 1536w, https:\/\/gwendalbar.fr\/wp-content\/uploads\/2025\/01\/IMG_5152-2048x1365.webp 2048w\" sizes=\"auto, (max-width: 1024px) 100vw, 1024px\" \/><\/figure>\n\n\n\n<figure class=\"wp-block-image size-large\" style=\"margin-top:var(--wp--preset--spacing--10);margin-bottom:var(--wp--preset--spacing--10)\"><img loading=\"lazy\" decoding=\"async\" width=\"1024\" height=\"683\" src=\"https:\/\/gwendalbar.fr\/wp-content\/uploads\/2025\/01\/IMG_5162-1024x683.webp\" alt=\"\" class=\"wp-image-218\" srcset=\"https:\/\/gwendalbar.fr\/wp-content\/uploads\/2025\/01\/IMG_5162-1024x683.webp 1024w, https:\/\/gwendalbar.fr\/wp-content\/uploads\/2025\/01\/IMG_5162-300x200.webp 300w, https:\/\/gwendalbar.fr\/wp-content\/uploads\/2025\/01\/IMG_5162-768x512.webp 768w, https:\/\/gwendalbar.fr\/wp-content\/uploads\/2025\/01\/IMG_5162-1536x1024.webp 1536w, https:\/\/gwendalbar.fr\/wp-content\/uploads\/2025\/01\/IMG_5162-2048x1365.webp 2048w\" sizes=\"auto, (max-width: 1024px) 100vw, 1024px\" \/><\/figure>\n<\/div>\n\n\n\n<div class=\"wp-block-column is-layout-flow wp-block-column-is-layout-flow\">\n<div style=\"height:27px\" aria-hidden=\"true\" class=\"wp-block-spacer\"><\/div>\n\n\n\n<p style=\"font-size:clamp(24.034px, 1.502rem + ((1vw - 3.2px) * 1.663), 40px);\"><strong>David Pistol et Jcube<\/strong><br>Landerneau, La F\u00eate du Bruit<\/p>\n\n\n\n<figure class=\"wp-block-image size-large\" style=\"margin-top:0;margin-bottom:0\"><img loading=\"lazy\" decoding=\"async\" width=\"1024\" height=\"683\" src=\"https:\/\/gwendalbar.fr\/wp-content\/uploads\/2025\/01\/IMG_4966-1024x683.webp\" alt=\"\" class=\"wp-image-217\" srcset=\"https:\/\/gwendalbar.fr\/wp-content\/uploads\/2025\/01\/IMG_4966-1024x683.webp 1024w, https:\/\/gwendalbar.fr\/wp-content\/uploads\/2025\/01\/IMG_4966-300x200.webp 300w, https:\/\/gwendalbar.fr\/wp-content\/uploads\/2025\/01\/IMG_4966-768x512.webp 768w, https:\/\/gwendalbar.fr\/wp-content\/uploads\/2025\/01\/IMG_4966-1536x1024.webp 1536w, https:\/\/gwendalbar.fr\/wp-content\/uploads\/2025\/01\/IMG_4966-2048x1365.webp 2048w\" sizes=\"auto, (max-width: 1024px) 100vw, 1024px\" \/><\/figure>\n\n\n\n<figure class=\"wp-block-image size-large\" style=\"margin-top:var(--wp--preset--spacing--10);margin-bottom:var(--wp--preset--spacing--10)\"><img loading=\"lazy\" decoding=\"async\" width=\"1024\" height=\"683\" src=\"https:\/\/gwendalbar.fr\/wp-content\/uploads\/2025\/01\/IMG_5154-1024x683.webp\" alt=\"\" class=\"wp-image-219\" srcset=\"https:\/\/gwendalbar.fr\/wp-content\/uploads\/2025\/01\/IMG_5154-1024x683.webp 1024w, https:\/\/gwendalbar.fr\/wp-content\/uploads\/2025\/01\/IMG_5154-300x200.webp 300w, https:\/\/gwendalbar.fr\/wp-content\/uploads\/2025\/01\/IMG_5154-768x512.webp 768w, https:\/\/gwendalbar.fr\/wp-content\/uploads\/2025\/01\/IMG_5154-1536x1024.webp 1536w, https:\/\/gwendalbar.fr\/wp-content\/uploads\/2025\/01\/IMG_5154-2048x1365.webp 2048w\" sizes=\"auto, (max-width: 1024px) 100vw, 1024px\" \/><\/figure>\n<\/div>\n<\/div>\n\n\n\n<div style=\"height:27px\" aria-hidden=\"true\" class=\"wp-block-spacer\"><\/div>\n\n\n\n<hr class=\"wp-block-separator has-alpha-channel-opacity\"\/>\n\n\n\n<div style=\"height:27px\" aria-hidden=\"true\" class=\"wp-block-spacer\"><\/div>\n\n\n\n<div class=\"wp-block-columns alignwide is-layout-flex wp-container-core-columns-is-layout-28fb7f8c wp-block-columns-is-layout-flex\" style=\"border-style:none;border-width:0px;padding-top:0\">\n<div class=\"wp-block-column is-layout-flow wp-block-column-is-layout-flow\">\n<figure class=\"wp-block-image size-large has-custom-border\" style=\"margin-top:0;margin-right:0;margin-bottom:0;margin-left:0\"><img loading=\"lazy\" decoding=\"async\" width=\"1024\" height=\"683\" src=\"https:\/\/gwendalbar.fr\/wp-content\/uploads\/2025\/01\/IMG_2042-Avec-accentuation-Bruit-1024x683.webp\" alt=\"\" class=\"wp-image-220\" style=\"border-style:none;border-width:0px;border-radius:0px\" srcset=\"https:\/\/gwendalbar.fr\/wp-content\/uploads\/2025\/01\/IMG_2042-Avec-accentuation-Bruit-1024x683.webp 1024w, https:\/\/gwendalbar.fr\/wp-content\/uploads\/2025\/01\/IMG_2042-Avec-accentuation-Bruit-300x200.webp 300w, https:\/\/gwendalbar.fr\/wp-content\/uploads\/2025\/01\/IMG_2042-Avec-accentuation-Bruit-768x512.webp 768w, https:\/\/gwendalbar.fr\/wp-content\/uploads\/2025\/01\/IMG_2042-Avec-accentuation-Bruit-1536x1024.webp 1536w, https:\/\/gwendalbar.fr\/wp-content\/uploads\/2025\/01\/IMG_2042-Avec-accentuation-Bruit-2048x1365.webp 2048w\" sizes=\"auto, (max-width: 1024px) 100vw, 1024px\" \/><\/figure>\n\n\n\n<figure class=\"wp-block-image size-large\"><img loading=\"lazy\" decoding=\"async\" width=\"683\" height=\"1024\" src=\"https:\/\/gwendalbar.fr\/wp-content\/uploads\/2025\/01\/IMG_2064-Avec-accentuation-Bruit-1-683x1024.webp\" alt=\"\" class=\"wp-image-222\" srcset=\"https:\/\/gwendalbar.fr\/wp-content\/uploads\/2025\/01\/IMG_2064-Avec-accentuation-Bruit-1-683x1024.webp 683w, https:\/\/gwendalbar.fr\/wp-content\/uploads\/2025\/01\/IMG_2064-Avec-accentuation-Bruit-1-200x300.webp 200w, https:\/\/gwendalbar.fr\/wp-content\/uploads\/2025\/01\/IMG_2064-Avec-accentuation-Bruit-1-768x1152.webp 768w, https:\/\/gwendalbar.fr\/wp-content\/uploads\/2025\/01\/IMG_2064-Avec-accentuation-Bruit-1-1024x1536.webp 1024w, https:\/\/gwendalbar.fr\/wp-content\/uploads\/2025\/01\/IMG_2064-Avec-accentuation-Bruit-1-1365x2048.webp 1365w, https:\/\/gwendalbar.fr\/wp-content\/uploads\/2025\/01\/IMG_2064-Avec-accentuation-Bruit-1-scaled.webp 1707w\" sizes=\"auto, (max-width: 683px) 100vw, 683px\" \/><\/figure>\n<\/div>\n\n\n\n<div class=\"wp-block-column is-layout-flow wp-block-column-is-layout-flow\">\n<div style=\"height:27px\" aria-hidden=\"true\" class=\"wp-block-spacer\"><\/div>\n\n\n\n<p style=\"font-size:clamp(24.034px, 1.502rem + ((1vw - 3.2px) * 1.663), 40px);\"><strong>Kaaris<\/strong><br>Brest, La Suite<\/p>\n\n\n\n<figure class=\"wp-block-image size-large is-resized\" style=\"margin-top:var(--wp--preset--spacing--30);margin-right:0\"><img loading=\"lazy\" decoding=\"async\" width=\"683\" height=\"1024\" src=\"https:\/\/gwendalbar.fr\/wp-content\/uploads\/2025\/01\/IMG_2101-Avec-accentuation-Bruit-683x1024.webp\" alt=\"\" class=\"wp-image-221\" style=\"width:602px;height:auto\" srcset=\"https:\/\/gwendalbar.fr\/wp-content\/uploads\/2025\/01\/IMG_2101-Avec-accentuation-Bruit-683x1024.webp 683w, https:\/\/gwendalbar.fr\/wp-content\/uploads\/2025\/01\/IMG_2101-Avec-accentuation-Bruit-200x300.webp 200w, https:\/\/gwendalbar.fr\/wp-content\/uploads\/2025\/01\/IMG_2101-Avec-accentuation-Bruit-768x1152.webp 768w, https:\/\/gwendalbar.fr\/wp-content\/uploads\/2025\/01\/IMG_2101-Avec-accentuation-Bruit-1024x1536.webp 1024w, https:\/\/gwendalbar.fr\/wp-content\/uploads\/2025\/01\/IMG_2101-Avec-accentuation-Bruit-1365x2048.webp 1365w, https:\/\/gwendalbar.fr\/wp-content\/uploads\/2025\/01\/IMG_2101-Avec-accentuation-Bruit-scaled.webp 1707w\" sizes=\"auto, (max-width: 683px) 100vw, 683px\" \/><\/figure>\n<\/div>\n<\/div>\n\n\n\n<div style=\"height:27px\" aria-hidden=\"true\" class=\"wp-block-spacer\"><\/div>\n\n\n\n<hr class=\"wp-block-separator has-alpha-channel-opacity is-style-default\" style=\"margin-top:var(--wp--preset--spacing--30);margin-bottom:var(--wp--preset--spacing--30)\"\/>\n\n\n\n<div style=\"height:27px\" aria-hidden=\"true\" class=\"wp-block-spacer\"><\/div>\n\n\n\n<div class=\"wp-block-columns alignwide is-layout-flex wp-container-core-columns-is-layout-28f84493 wp-block-columns-is-layout-flex\">\n<div class=\"wp-block-column is-layout-flow wp-block-column-is-layout-flow\">\n<figure class=\"wp-block-image size-large has-custom-border\" style=\"margin-top:0;margin-right:0;margin-bottom:0;margin-left:0\"><img loading=\"lazy\" decoding=\"async\" width=\"1024\" height=\"1024\" src=\"https:\/\/gwendalbar.fr\/wp-content\/uploads\/2025\/01\/IMG_3664-1024x1024.webp\" alt=\"\" class=\"wp-image-223\" style=\"border-style:none;border-width:0px;border-radius:0px\" srcset=\"https:\/\/gwendalbar.fr\/wp-content\/uploads\/2025\/01\/IMG_3664-1024x1024.webp 1024w, https:\/\/gwendalbar.fr\/wp-content\/uploads\/2025\/01\/IMG_3664-300x300.webp 300w, https:\/\/gwendalbar.fr\/wp-content\/uploads\/2025\/01\/IMG_3664-150x150.webp 150w, https:\/\/gwendalbar.fr\/wp-content\/uploads\/2025\/01\/IMG_3664-768x768.webp 768w, https:\/\/gwendalbar.fr\/wp-content\/uploads\/2025\/01\/IMG_3664-1536x1536.webp 1536w, https:\/\/gwendalbar.fr\/wp-content\/uploads\/2025\/01\/IMG_3664-2048x2048.webp 2048w\" sizes=\"auto, (max-width: 1024px) 100vw, 1024px\" \/><\/figure>\n\n\n\n<figure class=\"wp-block-image size-large\" style=\"margin-top:var(--wp--preset--spacing--10);margin-bottom:var(--wp--preset--spacing--10)\"><img loading=\"lazy\" decoding=\"async\" width=\"1024\" height=\"681\" src=\"https:\/\/gwendalbar.fr\/wp-content\/uploads\/2025\/01\/IMG_3715-1024x681.webp\" alt=\"\" class=\"wp-image-226\" srcset=\"https:\/\/gwendalbar.fr\/wp-content\/uploads\/2025\/01\/IMG_3715-1024x681.webp 1024w, https:\/\/gwendalbar.fr\/wp-content\/uploads\/2025\/01\/IMG_3715-300x199.webp 300w, https:\/\/gwendalbar.fr\/wp-content\/uploads\/2025\/01\/IMG_3715-768x511.webp 768w, https:\/\/gwendalbar.fr\/wp-content\/uploads\/2025\/01\/IMG_3715-1536x1021.webp 1536w, https:\/\/gwendalbar.fr\/wp-content\/uploads\/2025\/01\/IMG_3715-2048x1361.webp 2048w\" sizes=\"auto, (max-width: 1024px) 100vw, 1024px\" \/><\/figure>\n<\/div>\n\n\n\n<div class=\"wp-block-column is-layout-flow wp-block-column-is-layout-flow\">\n<div style=\"height:27px\" aria-hidden=\"true\" class=\"wp-block-spacer\"><\/div>\n\n\n\n<p style=\"font-size:clamp(24.034px, 1.502rem + ((1vw - 3.2px) * 1.663), 40px);\"><strong>So la lune<\/strong><br>Brest, La Car\u00e8ne<\/p>\n\n\n\n<figure class=\"wp-block-image size-large\" style=\"margin-top:var(--wp--preset--spacing--30);margin-bottom:0\"><img loading=\"lazy\" decoding=\"async\" width=\"750\" height=\"1024\" src=\"https:\/\/gwendalbar.fr\/wp-content\/uploads\/2025\/01\/IMG_3743-750x1024.webp\" alt=\"\" class=\"wp-image-225\" srcset=\"https:\/\/gwendalbar.fr\/wp-content\/uploads\/2025\/01\/IMG_3743-750x1024.webp 750w, https:\/\/gwendalbar.fr\/wp-content\/uploads\/2025\/01\/IMG_3743-220x300.webp 220w, https:\/\/gwendalbar.fr\/wp-content\/uploads\/2025\/01\/IMG_3743-768x1049.webp 768w, https:\/\/gwendalbar.fr\/wp-content\/uploads\/2025\/01\/IMG_3743-1124x1536.webp 1124w, https:\/\/gwendalbar.fr\/wp-content\/uploads\/2025\/01\/IMG_3743-1499x2048.webp 1499w, https:\/\/gwendalbar.fr\/wp-content\/uploads\/2025\/01\/IMG_3743-scaled.webp 1874w\" sizes=\"auto, (max-width: 750px) 100vw, 750px\" \/><\/figure>\n<\/div>\n<\/div>\n\n\n\n<figure class=\"wp-block-image alignwide size-large\" style=\"margin-top:var(--wp--preset--spacing--10);margin-right:0;margin-bottom:0;margin-left:0\"><img loading=\"lazy\" decoding=\"async\" width=\"1024\" height=\"727\" src=\"https:\/\/gwendalbar.fr\/wp-content\/uploads\/2025\/01\/IMG_3631-1024x727.webp\" alt=\"\" class=\"wp-image-227\" srcset=\"https:\/\/gwendalbar.fr\/wp-content\/uploads\/2025\/01\/IMG_3631-1024x727.webp 1024w, https:\/\/gwendalbar.fr\/wp-content\/uploads\/2025\/01\/IMG_3631-300x213.webp 300w, https:\/\/gwendalbar.fr\/wp-content\/uploads\/2025\/01\/IMG_3631-768x545.webp 768w, https:\/\/gwendalbar.fr\/wp-content\/uploads\/2025\/01\/IMG_3631-1536x1090.webp 1536w, https:\/\/gwendalbar.fr\/wp-content\/uploads\/2025\/01\/IMG_3631-2048x1454.webp 2048w\" sizes=\"auto, (max-width: 1024px) 100vw, 1024px\" \/><\/figure>\n\n\n\n<div style=\"height:27px\" aria-hidden=\"true\" class=\"wp-block-spacer\"><\/div>\n\n\n\n<hr class=\"wp-block-separator has-alpha-channel-opacity\" style=\"margin-top:var(--wp--preset--spacing--30);margin-bottom:var(--wp--preset--spacing--30)\"\/>\n\n\n\n<div style=\"height:27px\" aria-hidden=\"true\" class=\"wp-block-spacer\"><\/div>\n\n\n\n<div class=\"wp-block-columns alignwide is-layout-flex wp-container-core-columns-is-layout-28fb7f8c wp-block-columns-is-layout-flex\" style=\"border-style:none;border-width:0px;padding-top:0\">\n<div class=\"wp-block-column is-layout-flow wp-block-column-is-layout-flow\">\n<figure class=\"wp-block-image size-large is-resized has-custom-border\" style=\"margin-top:0;margin-right:0;margin-bottom:0;margin-left:var(--wp--preset--spacing--20)\"><img loading=\"lazy\" decoding=\"async\" width=\"1024\" height=\"575\" src=\"https:\/\/gwendalbar.fr\/wp-content\/uploads\/2025\/01\/SDM6-1024x575.webp\" alt=\"\" class=\"wp-image-228\" style=\"border-style:none;border-width:0px;border-radius:0px;width:586px;height:auto\" srcset=\"https:\/\/gwendalbar.fr\/wp-content\/uploads\/2025\/01\/SDM6-1024x575.webp 1024w, https:\/\/gwendalbar.fr\/wp-content\/uploads\/2025\/01\/SDM6-300x168.webp 300w, https:\/\/gwendalbar.fr\/wp-content\/uploads\/2025\/01\/SDM6-768x431.webp 768w, https:\/\/gwendalbar.fr\/wp-content\/uploads\/2025\/01\/SDM6-1536x862.webp 1536w, https:\/\/gwendalbar.fr\/wp-content\/uploads\/2025\/01\/SDM6-2048x1150.webp 2048w\" sizes=\"auto, (max-width: 1024px) 100vw, 1024px\" \/><\/figure>\n\n\n\n<figure class=\"wp-block-image alignright size-large is-resized\" style=\"margin-right:var(--wp--preset--spacing--20);margin-left:var(--wp--preset--spacing--20)\"><img loading=\"lazy\" decoding=\"async\" width=\"575\" height=\"1024\" src=\"https:\/\/gwendalbar.fr\/wp-content\/uploads\/2025\/01\/SDM3-575x1024.webp\" alt=\"\" class=\"wp-image-229\" style=\"width:578px;height:auto\" srcset=\"https:\/\/gwendalbar.fr\/wp-content\/uploads\/2025\/01\/SDM3-575x1024.webp 575w, https:\/\/gwendalbar.fr\/wp-content\/uploads\/2025\/01\/SDM3-168x300.webp 168w, https:\/\/gwendalbar.fr\/wp-content\/uploads\/2025\/01\/SDM3-768x1368.webp 768w, https:\/\/gwendalbar.fr\/wp-content\/uploads\/2025\/01\/SDM3-862x1536.webp 862w, https:\/\/gwendalbar.fr\/wp-content\/uploads\/2025\/01\/SDM3-1150x2048.webp 1150w, https:\/\/gwendalbar.fr\/wp-content\/uploads\/2025\/01\/SDM3-scaled.webp 1437w\" sizes=\"auto, (max-width: 575px) 100vw, 575px\" \/><\/figure>\n<\/div>\n\n\n\n<div class=\"wp-block-column is-layout-flow wp-block-column-is-layout-flow\">\n<div style=\"height:27px\" aria-hidden=\"true\" class=\"wp-block-spacer\"><\/div>\n\n\n\n<p class=\"has-text-align-left\" style=\"border-style:none;border-width:0px;border-radius:0px;font-size:clamp(24.034px, 1.502rem + ((1vw - 3.2px) * 1.663), 40px);\"><strong>SDM<\/strong><br>Lorient, Raptown<\/p>\n\n\n\n<figure class=\"wp-block-image size-large is-resized\" style=\"margin-top:var(--wp--preset--spacing--50);margin-right:0\"><img loading=\"lazy\" decoding=\"async\" width=\"575\" height=\"1024\" src=\"https:\/\/gwendalbar.fr\/wp-content\/uploads\/2025\/01\/SDM7-575x1024.webp\" alt=\"\" class=\"wp-image-230\" style=\"width:633px;height:auto\" srcset=\"https:\/\/gwendalbar.fr\/wp-content\/uploads\/2025\/01\/SDM7-575x1024.webp 575w, https:\/\/gwendalbar.fr\/wp-content\/uploads\/2025\/01\/SDM7-168x300.webp 168w, https:\/\/gwendalbar.fr\/wp-content\/uploads\/2025\/01\/SDM7-768x1368.webp 768w, https:\/\/gwendalbar.fr\/wp-content\/uploads\/2025\/01\/SDM7-862x1536.webp 862w, https:\/\/gwendalbar.fr\/wp-content\/uploads\/2025\/01\/SDM7-1150x2048.webp 1150w, https:\/\/gwendalbar.fr\/wp-content\/uploads\/2025\/01\/SDM7-scaled.webp 1437w\" sizes=\"auto, (max-width: 575px) 100vw, 575px\" \/><\/figure>\n<\/div>\n<\/div>\n\n\n\n<figure class=\"wp-block-image alignwide size-large\"><img loading=\"lazy\" decoding=\"async\" width=\"1024\" height=\"575\" src=\"https:\/\/gwendalbar.fr\/wp-content\/uploads\/2025\/01\/SDM4-1024x575.webp\" alt=\"\" class=\"wp-image-231\" srcset=\"https:\/\/gwendalbar.fr\/wp-content\/uploads\/2025\/01\/SDM4-1024x575.webp 1024w, https:\/\/gwendalbar.fr\/wp-content\/uploads\/2025\/01\/SDM4-300x168.webp 300w, https:\/\/gwendalbar.fr\/wp-content\/uploads\/2025\/01\/SDM4-768x431.webp 768w, https:\/\/gwendalbar.fr\/wp-content\/uploads\/2025\/01\/SDM4-1536x862.webp 1536w, https:\/\/gwendalbar.fr\/wp-content\/uploads\/2025\/01\/SDM4-2048x1150.webp 2048w\" sizes=\"auto, (max-width: 1024px) 100vw, 1024px\" \/><\/figure>\n\n\n\n<hr class=\"wp-block-separator has-alpha-channel-opacity\" style=\"margin-top:var(--wp--preset--spacing--30);margin-bottom:var(--wp--preset--spacing--30)\"\/>\n\n\n\n<div style=\"height:27px\" aria-hidden=\"true\" class=\"wp-block-spacer\"><\/div>\n\n\n\n<div class=\"wp-block-group alignwide has-base-2-background-color has-background has-global-padding is-layout-constrained wp-container-core-group-is-layout-39412042 wp-block-group-is-layout-constrained\" style=\"border-radius:16px;padding-top:var(--wp--preset--spacing--40);padding-right:var(--wp--preset--spacing--50);padding-bottom:var(--wp--preset--spacing--40);padding-left:var(--wp--preset--spacing--50)\">\n<div style=\"height:var(--wp--preset--spacing--10)\" aria-hidden=\"true\" class=\"wp-block-spacer\"><\/div>\n\n\n\n<h2 class=\"wp-block-heading has-text-align-center has-x-large-font-size\">En voir plus sur mes r\u00e9seaux<\/h2>\n\n\n\n<div class=\"wp-block-buttons is-content-justification-center is-layout-flex wp-container-core-buttons-is-layout-a89b3969 wp-block-buttons-is-layout-flex\">\n<div class=\"wp-block-button\"><a class=\"wp-block-button__link wp-element-button\" href=\"https:\/\/linktr.ee\/bar.gwendal\">me suivre<\/a><\/div>\n<\/div>\n\n\n\n<div style=\"height:var(--wp--preset--spacing--10)\" aria-hidden=\"true\" class=\"wp-block-spacer\"><\/div>\n<\/div>\n\n\n\n<div class=\"wp-block-group is-vertical is-content-justification-center is-layout-flex wp-container-core-group-is-layout-838cd1cc wp-block-group-is-layout-flex\" style=\"padding-top:var(--wp--preset--spacing--40);padding-bottom:var(--wp--preset--spacing--50)\"><div class=\"is-default-size wp-block-site-logo\"><a href=\"https:\/\/gwendalbar.fr\/\" class=\"custom-logo-link\" rel=\"home\"><img loading=\"lazy\" decoding=\"async\" width=\"432\" height=\"318\" src=\"https:\/\/gwendalbar.fr\/wp-content\/uploads\/2025\/01\/logo-1.png\" class=\"custom-logo\" alt=\"Gwendal Bar\" srcset=\"https:\/\/gwendalbar.fr\/wp-content\/uploads\/2025\/01\/logo-1.png 432w, https:\/\/gwendalbar.fr\/wp-content\/uploads\/2025\/01\/logo-1-300x221.png 300w\" sizes=\"auto, (max-width: 432px) 100vw, 432px\" \/><\/a><\/div>\n\n<nav class=\"has-small-font-size items-justified-center wp-block-navigation is-content-justification-center is-layout-flex wp-container-core-navigation-is-layout-a89b3969 wp-block-navigation-is-layout-flex\" aria-label=\"Navigation\"><ul class=\"wp-block-navigation__container has-small-font-size items-justified-center wp-block-navigation has-small-font-size\"><li class=\"has-small-font-size wp-block-navigation-item wp-block-navigation-link\"><a class=\"wp-block-navigation-item__content\"  href=\"https:\/\/gwendalbar.fr\/index.php\/realisation-audiovisuelle\/\"><span class=\"wp-block-navigation-item__label\">R\u00e9alisations vid\u00e9os<\/span><\/a><\/li><li class=\"has-small-font-size wp-block-navigation-item wp-block-navigation-link\"><a class=\"wp-block-navigation-item__content\"  href=\"https:\/\/gwendalbar.fr\/index.php\/concerts\/\"><span class=\"wp-block-navigation-item__label\">Concerts<\/span><\/a><\/li><li class=\"has-small-font-size wp-block-navigation-item wp-block-navigation-link\"><a class=\"wp-block-navigation-item__content\"  href=\"https:\/\/gwendalbar.fr\/index.php\/photo-automobile\/\"><span class=\"wp-block-navigation-item__label\">Automobile<\/span><\/a><\/li><li class=\"has-small-font-size wp-block-navigation-item wp-block-navigation-link\"><a class=\"wp-block-navigation-item__content\"  href=\"https:\/\/gwendalbar.fr\/index.php\/page-d-exemple\/\"><span class=\"wp-block-navigation-item__label\">Contact<\/span><\/a><\/li><\/ul><\/nav>\n\n\n<p class=\"has-text-align-center has-secondary-color has-text-color has-link-color has-small-font-size wp-elements-5e93a27869169876357e4e0804cced4b\">\n\tCon\u00e7u avec <a href=\"https:\/\/fr.wordpress.org\" rel=\"nofollow\">WordPress<\/a>\t<\/p>\n<\/div>\n","protected":false},"excerpt":{"rendered":"<p>David Pistol et JcubeLanderneau, La F\u00eate du Bruit KaarisBrest, La Suite So la luneBrest, La Car\u00e8ne SDMLorient, Raptown En voir plus sur mes r\u00e9seaux Con\u00e7u avec WordPress<\/p>\n","protected":false},"author":1,"featured_media":0,"parent":0,"menu_order":0,"comment_status":"closed","ping_status":"closed","template":"","meta":{"footnotes":""},"class_list":["post-142","page","type-page","status-publish","hentry"],"_links":{"self":[{"href":"https:\/\/gwendalbar.fr\/index.php\/wp-json\/wp\/v2\/pages\/142","targetHints":{"allow":["GET"]}}],"collection":[{"href":"https:\/\/gwendalbar.fr\/index.php\/wp-json\/wp\/v2\/pages"}],"about":[{"href":"https:\/\/gwendalbar.fr\/index.php\/wp-json\/wp\/v2\/types\/page"}],"author":[{"embeddable":true,"href":"https:\/\/gwendalbar.fr\/index.php\/wp-json\/wp\/v2\/users\/1"}],"replies":[{"embeddable":true,"href":"https:\/\/gwendalbar.fr\/index.php\/wp-json\/wp\/v2\/comments?post=142"}],"version-history":[{"count":18,"href":"https:\/\/gwendalbar.fr\/index.php\/wp-json\/wp\/v2\/pages\/142\/revisions"}],"predecessor-version":[{"id":294,"href":"https:\/\/gwendalbar.fr\/index.php\/wp-json\/wp\/v2\/pages\/142\/revisions\/294"}],"wp:attachment":[{"href":"https:\/\/gwendalbar.fr\/index.php\/wp-json\/wp\/v2\/media?parent=142"}],"curies":[{"name":"wp","href":"https:\/\/api.w.org\/{rel}","templated":true}]}}